{"id":9,"date":"2015-01-29T00:36:28","date_gmt":"2015-01-28T22:36:28","guid":{"rendered":"http:\/\/rechtsanwalt-polst.at\/?page_id=9"},"modified":"2025-01-31T10:02:49","modified_gmt":"2025-01-31T08:02:49","slug":"impressum","status":"publish","type":"page","link":"https:\/\/rechtsanwalt-polst.at\/?page_id=9","title":{"rendered":"Impressum"},"content":{"rendered":"<p><strong>Rechtliche Offenlegungen und sonstige Hinweise<\/strong><\/p>\n<p><strong>Medieninhaber dieser Website:<\/strong><br \/>\nDr. Michael Polst, LL.M.<\/p>\n<p><strong>Anschrift der Rechtsanwaltskanzlei:<\/strong><br \/>\nNonntaler Hauptstra\u00dfe 59, 1. Stock<br \/>\nA-5020 Salzburg<\/p>\n<p><strong>Grundlegende inhaltliche Richtung dieser Website:<\/strong><br \/>\nDiese Website dient der Pr\u00e4sentation der Rechtsanwaltskanzlei<\/p>\n<p><strong>Kontaktangaben der Rechtsanwaltskanzlei:<\/strong><br \/>\nTel.: +43 (0) 662\/ 630014<br \/>\nFax.: +43 (0) 662\/ 630014-89<br \/>\nEmail: kanzlei@rechtsanwalt-polst.at<\/p>\n<p><strong>Unternehmensgegenstand:<\/strong><br \/>\nAus\u00fcbung der Rechtsanwaltschaft<\/p>\n<p><strong>Berufsbezeichnung:<\/strong><br \/>\nRechtsanwalt (Berufsbezeichnung verliehen in \u00d6sterreich)<\/p>\n<p><strong>Kammerangeh\u00f6rigkeit:<\/strong><br \/>\nMitglied der Salzburger Rechtsanwaltskammer<\/p>\n<p><strong>Zust\u00e4ndige Aufsichtsbeh\u00f6rde:<\/strong><br \/>\nSalzburger Rechtsanwaltskammer<\/p>\n<p><strong>Hinweis und Zugang auf anwendbare berufsrechtliche Vorschriften:<\/strong><br \/>\nDie Rechtsanwaltsordnung (RAO), das Rechtsanwaltstarifgesetz (RATG), das Disziplinarstatut f\u00fcr Rechtsanw\u00e4lte (DSt) und viele andere f\u00fcr Rechtsanw\u00e4lte relevante Vorschriften finden Sie im sogenannten \u201eRIS\u201c. RIS ist das\u00a0 kostenfreie und f\u00fcr jeden mit Internetzugang rund um die Uhr zug\u00e4ngliche Rechtsinformationsystem des Bundes <a href=\"https:\/\/www.ris.bka.gv.at\/\" target=\"_blank\" rel=\"noopener\">www.ris.bka.gv.at<\/a>.<br \/>\nDie Richtlinien f\u00fcr die Aus\u00fcbung des Rechtsanwaltsberufes\u00a0 und f\u00fcr die \u00dcberwachung der Pflichten des Rechtsanwaltes (RL-BA) und viele andere Informationen \u00fcber Rechte, Pflichten und Serviceleistungen der Rechtsanw\u00e4lte und \u00fcber das Berufsbild des Rechtsanwaltes in \u00d6sterreich finden Sie auf den Websites der \u00f6sterreichischen Rechtsanwaltskammern (z.B. Salzburger Rechtsanwaltskammer <a href=\"http:\/\/www.srak.at\/\" target=\"_blank\" rel=\"noopener\">www.srak.at<\/a>) sowie auf der Website des \u00d6sterreichischen Rechtsanwaltskammertages ( <a href=\"http:\/\/www.rechtsanwaelte.at\/\" target=\"_blank\" rel=\"noopener\">www.rechtsanwaelte.at<\/a>).<\/p>\n<p><strong>Umsatzsteuer-Identifikationsnummer:<\/strong><br \/>\nATU 61183828<\/p>\n<p><strong>DVR-Nummer (Registernummer des \u00f6sterreichischen Datenverarbeitungsregisters):<\/strong><br \/>\n4002309<\/p>\n<p><strong>Urheberrechtshinweis:<\/strong><br \/>\nDie Texte auf dieser Webseite sowie alle Inhalte dieser Website sind urheberrechtlich gesch\u00fctzt. Alle Rechte, insbesondere das Recht der Vervielf\u00e4ltigung und der Verbreitung sowie der \u00dcbersetzung, sind vorbehalten.<\/p>\n<p><strong>Haftungsausschluss:<\/strong><br \/>\nF\u00fcr fremde Inhalte, also insbesondere f\u00fcr den Inhalt fremder Beitr\u00e4ge und verlinkter Websites, wird keine Haftung bzw. Verantwortung \u00fcbernommen.<\/p>\n","protected":false},"excerpt":{"rendered":"<p>Rechtliche Offenlegungen und sonstige Hinweise Medieninhaber dieser Website: Dr. Michael Polst, LL.M. Anschrift der Rechtsanwaltskanzlei: Nonntaler Hauptstra\u00dfe 59, 1. Stock A-5020 Salzburg Grundlegende inhaltliche Richtung dieser Website: Diese Website dient der Pr\u00e4sentation der Rechtsanwaltskanzlei Kontaktangaben der Rechtsanwaltskanzlei: Tel.: +43 (0) 662\/ 630014 Fax.: +43 (0) 662\/ 630014-89 Email: kanzlei@rechtsanwalt-polst.at Unternehmensgegenstand: Aus\u00fcbung der Rechtsanwaltschaft Berufsbezeichnung: Rechtsanwalt &hellip; <a href=\"https:\/\/rechtsanwalt-polst.at\/?page_id=9\" class=\"more-link\"><span class=\"screen-reader-text\">Impressum<\/span> weiterlesen <span class=\"meta-nav\">&rarr;<\/span><\/a><\/p>\n","protected":false},"author":2,"featured_media":0,"parent":0,"menu_order":1,"comment_status":"closed","ping_status":"closed","template":"","meta":{"footnotes":""},"class_list":["post-9","page","type-page","status-publish","hentry"],"_links":{"self":[{"href":"https:\/\/rechtsanwalt-polst.at\/index.php?rest_route=\/wp\/v2\/pages\/9","targetHints":{"allow":["GET"]}}],"collection":[{"href":"https:\/\/rechtsanwalt-polst.at\/index.php?rest_route=\/wp\/v2\/pages"}],"about":[{"href":"https:\/\/rechtsanwalt-polst.at\/index.php?rest_route=\/wp\/v2\/types\/page"}],"author":[{"embeddable":true,"href":"https:\/\/rechtsanwalt-polst.at\/index.php?rest_route=\/wp\/v2\/users\/2"}],"replies":[{"embeddable":true,"href":"https:\/\/rechtsanwalt-polst.at\/index.php?rest_route=%2Fwp%2Fv2%2Fcomments&post=9"}],"version-history":[{"count":9,"href":"https:\/\/rechtsanwalt-polst.at\/index.php?rest_route=\/wp\/v2\/pages\/9\/revisions"}],"predecessor-version":[{"id":63,"href":"https:\/\/rechtsanwalt-polst.at\/index.php?rest_route=\/wp\/v2\/pages\/9\/revisions\/63"}],"wp:attachment":[{"href":"https:\/\/rechtsanwalt-polst.at\/index.php?rest_route=%2Fwp%2Fv2%2Fmedia&parent=9"}],"curies":[{"name":"wp","href":"https:\/\/api.w.org\/{rel}","templated":true}]}}